{"id":1188,"date":"2018-03-23T10:23:25","date_gmt":"2018-03-23T10:23:25","guid":{"rendered":"http:\/\/ford-club-berlin.de\/\/?page_id=1188"},"modified":"2020-01-26T20:09:03","modified_gmt":"2020-01-26T20:09:03","slug":"impressum","status":"publish","type":"page","link":"https:\/\/www.ford-club-berlin.de\/?page_id=1188","title":{"rendered":"Impressum"},"content":{"rendered":"<div  data-id=\"initial-content-section\" data-export-id=\"initial-content-section\" data-label=\"Initial Content\" id=\"initial-content-section\" class=\"content-section content-section-spacing\" style=\"background-image: none; background-color: rgb(19, 79, 115);\">\n   <div  class=\"gridContainer\">\n     <div  class=\"row\">\n\n        <div  class=\"col-xs-12 col-sm-12\">                <h2  class=\"\">Impressum &amp; Datenschutz<\/h2>\n<p  class=\"lead\"><span style=\"color: rgb(3, 169, 244);\" >Diese private Seite ist keine offizielle Seite der Firma Ford. Das Ford Logo und alle Modellbezeichnungen sind Warenzeichen und Eigentum der Firma Ford!<\/span><\/p>\n<div  class=\"page\" title=\"Page 1\">\n<div  class=\"page\" title=\"Page 1\">\n<div  class=\"layoutArea\">\n<div  class=\"column\">\n<p ><strong >Impressum<\/strong><\/p>\n<p >Angaben gema\u0308\u00df \u00a7 5 TMG:<\/p>\n<p ><span  style=\"font-size: 1.2rem;\">Bj\u00f6rn J\u00e4schke P\u00f6lnitzweg 113, 13125 Berlin<\/span><\/p>\n<p >Kontakt:<\/p>\n<p >Telefon: 015223410053&nbsp; E-Mail: info@ford-club-berlin.de<\/p>\n<p >Streitschlichtung<\/p>\n<p >Die Europa\u0308ische Kommission stellt eine Plattform zur Online-Streitbeilegung (OS) bereit:<\/p>\n<p >httpss:\/\/ec.europa.eu\/consumers\/odr<\/p>\n<p >Unsere E-Mail-Adresse finden Sie oben im Impressum.<\/p>\n<p >Wir sind nicht bereit oder verpflichtet, an Streitbeilegungsverfahren vor einer Verbraucherschlichtungsstelle teilzunehmen.<\/p>\n<p >Haftung fu\u0308r Inhalte<\/p>\n<p >Als Diensteanbieter sind wir gema\u0308\u00df \u00a7 7 Abs.1 TMG fu\u0308r eigene Inhalte auf diesen Seiten nach den allgemeinen Gesetzen verantwortlich. Nach \u00a7\u00a7 8 bis 10 TMG sind wir als Diensteanbieter jedoch nicht verpflichtet, u\u0308bermittelte oder gespeicherte fremde Informationen zu u\u0308berwachen oder nach Umsta\u0308nden zu forschen, die auf eine rechtswidrige Ta\u0308tigkeit hinweisen.<\/p>\n<p >Verpflichtungen zur Entfernung oder Sperrung der Nutzung von Informationen nach den allgemeinen Gesetzen bleiben hiervon unberu\u0308hrt. Eine diesbezu\u0308gliche Haftung ist jedoch erst ab dem Zeitpunkt der Kenntnis einer konkreten Rechtsverletzung mo\u0308glich. Bei Bekanntwerden von entsprechenden Rechtsverletzungen werden wir diese Inhalte umgehend entfernen.<\/p>\n<\/div>\n<\/div>\n<\/div>\n<\/div>\n<div  class=\"page\" title=\"Page 2\">\n<div  class=\"layoutArea\">\n<div  class=\"column\">\n<p >Haftung fu\u0308r Links<\/p>\n<\/div>\n<\/div>\n<div  class=\"layoutArea\">\n<div  class=\"column\">\n<p >Unser Angebot entha\u0308lt Links zu externen Websites Dritter, auf deren Inhalte wir keinen Einfluss haben. Deshalb ko\u0308nnen wir fu\u0308r diese fremden Inhalte auch keine Gewa\u0308hr u\u0308bernehmen. Fu\u0308r die Inhalte der verlinkten Seiten ist stets der jeweilige Anbieter oder Betreiber der Seiten verantwortlich. Die verlinkten Seiten wurden zum Zeitpunkt der Verlinkung auf mo\u0308gliche Rechtsversto\u0308\u00dfe u\u0308berpru\u0308ft. Rechtswidrige Inhalte waren zum Zeitpunkt der Verlinkung nicht erkennbar.<\/p>\n<p >Eine permanente inhaltliche Kontrolle der verlinkten Seiten ist jedoch ohne konkrete Anhaltspunkte einer Rechtsverletzung nicht zumutbar. Bei Bekanntwerden von Rechtsverletzungen werden wir derartige Links umgehend entfernen.<\/p>\n<p >Urheberrecht<\/p>\n<p >Die durch die Seitenbetreiber erstellten Inhalte und Werke auf diesen Seiten unterliegen dem deutschen Urheberrecht. Die Vervielfa\u0308ltigung, Bearbeitung, Verbreitung und jede Art der Verwertung au\u00dferhalb der Grenzen des Urheberrechtes bedu\u0308rfen der schriftlichen Zustimmung des jeweiligen Autors bzw. Erstellers. Downloads und Kopien dieser Seite sind nur fu\u0308r den privaten, nicht kommerziellen Gebrauch gestattet.<\/p>\n<p >Soweit die Inhalte auf dieser Seite nicht vom Betreiber erstellt wurden, werden die Urheberrechte Dritter beachtet. Insbesondere werden Inhalte Dritter als solche gekennzeichnet. Sollten Sie trotzdem auf eine Urheberrechtsverletzung aufmerksam werden, bitten wir um einen entsprechenden Hinweis. Bei Bekanntwerden von Rechtsverletzungen werden wir derartige Inhalte umgehend entfernen.<\/p>\n<p >Quelle: httpss:\/\/www.e-recht24.de<\/p>\n<\/div>\n<\/div>\n<\/div>\n<div  class=\"page\" title=\"Page 2\">\n<div  class=\"layoutArea\">\n<div  class=\"column\">\n<p ><strong >Datenschutzerkla\u0308rung<\/strong><\/p>\n<p >&nbsp;<\/p>\n<\/div>\n<\/div>\n<\/div>\n<div  class=\"page\" title=\"Page 6\">\n<p ><strong >\u00a7 1 Allgemeines<\/strong><\/p>\n<p >Ihre personenbezogenen Daten (z.B. Anrede, Name, Anschrift, E-Mail-Adresse, Telefonnummer, Bankverbindung) werden von uns nur gem\u00e4\u00df den Bestimmungen des deutschen Datenschutzrechts verarbeitet. Die nachfolgenden Vorschriften informieren Sie \u00fcber Art, Umfang und Zweck der Erhebung, Verarbeitung und Nutzung personenbezogener Daten. Die Einwilligungserkl\u00e4rungen zum Datenschutz geben Sie mit Absendung der Angebotsanfrage. Diese Datenschutzerkl\u00e4rung bezieht sich nur auf unsere Webseiten. Falls Sie \u00fcber Links auf unseren Seiten auf andere Seiten weitergeleitet werden, informieren Sie sich bitte dort \u00fcber den jeweiligen Umgang mit Ihren Daten.<\/p>\n<p ><strong >\u00a7 2 Bestandsdaten<\/strong><\/p>\n<ul >\n<li >Ihre personenbezogenen Daten, soweit diese f\u00fcr die Begr\u00fcndung, inhaltliche Ausgestaltung oder \u00c4nderung des Vertragsverh\u00e4ltnisses erforderlich sind (Bestandsdaten), werden ausschlie\u00dflich zur Vertragsabwicklung und sp\u00e4teren Vertragsbetreuung verwendet. So muss z.B. eine \u00c4nderung des Vertrages wie eine \u00c4nderung Ihre Anschrift an den Versicherer weitergegeben werden.<\/li>\n<li >Ohne Ihre ausdr\u00fcckliche Einwilligung oder ohne gesetzliche Grundlage werden Ihre personenbezogenen Daten nicht an au\u00dferhalb der Vertragsabwicklung stehende Dritte weitergegeben.<\/li>\n<\/ul>\n<p ><strong >\u00a7 3 Webanalyse mit Google<\/strong><\/p>\n<p >Diese Website benutzt Google Analytics und Google Remarketing, Dienste der Google Inc. (\u201eGoogle\u201c). Google Analytics und Google Remarketing verwendet sog.\u201cCookies\u201c, Textdateien, die auf Ihrem Computer gespeichert werden und die eine Analyse der Benutzung der Website durch Sie erm\u00f6glichen. Die durch den Cookie erzeugten Informationen \u00fcber Ihre Benutzung dieser Website werden in der Regel an einen Server von Google in den USA \u00fcbertragen und dort gespeichert. Im Falle der Aktivierung der IP-Anonymisierung auf dieser Webseite, wird Ihre IP-Adresse von Google jedoch innerhalb von Mitgliedstaaten der Europ\u00e4ischen Union oder in anderen Vertragsstaaten des Abkommens \u00fcber den Europ\u00e4ischen Wirtschaftsraum zuvor gek\u00fcrzt. Nur in Ausnahmef\u00e4llen wird die volle IP-Adresse an einen Server von Google in den USA \u00fcbertragen und dort gek\u00fcrzt. Im Auftrag des Betreibers dieser Website wird Google diese Informationen benutzen, um Ihre Nutzung der Website auszuwerten, um Reports \u00fcber die Websiteaktivit\u00e4ten zusammenzustellen und um weitere mit der Websitenutzung und der Internetnutzung verbundene Dienstleistungen gegen\u00fcber dem Websitebetreiber zu erbringen. Die im Rahmen von Google Analytics von Ihrem Browser \u00fcbermittelte IP-Adresse wird nicht mit anderen Daten von Google zusammengef\u00fchrt. Sie k\u00f6nnen die Speicherung der Cookies durch eine entsprechende Einstellung Ihrer Browser-Software verhindern; wir weisen Sie jedoch darauf hin, dass Sie in diesem Fall gegebenenfalls nicht s\u00e4mtliche Funktionen dieser Website vollumf\u00e4nglich werden nutzen k\u00f6nnen.<\/p>\n<p >Sie k\u00f6nnen dar\u00fcber hinaus die Erfassung der durch das Cookie erzeugten und auf Ihre Nutzung der Website bezogenen Daten (inkl. Ihrer IP-Adresse) an Google sowie die Verarbeitung dieser Daten durch Google verhindern, indem Sie das unter dem folgenden Link verf\u00fcgbare Browser-Plugin herunterladen und installieren:&nbsp;<a  class=\"text\" href=\"https:\/\/tools.google.com\/dlpage\/gaoptout?hl=de\" target=\"_blank\" rel=\"nofollow noopener noreferrer\">Plugin<\/a><\/p>\n<p >Sie k\u00f6nnen die Erfassung durch Google Analytics verhindern, indem Sie auf folgenden Link klicken. Es wird ein Opt-Out-Cookie gesetzt, der die zuk\u00fcnftige Erfassung Ihrer Daten beim Besuch dieser Website verhindert:&nbsp;<a  class=\"text\">Google Analytics deaktivieren<\/a><\/p>\n<p >Wir weisen Sie darauf hin, dass auf dieser Website Google Analytics um den Code \u201egat._anonymizeIp();\u201c erweitert wurde, um eine anonymisierte Erfassung von IP-Adressen (sog. IP-Masking) zu gew\u00e4hrleisten.<br >\nWir nutzen Google Analytics zudem dazu, Daten aus AdWords und dem Double-Click-Cookie zu statistischen Zwecken auszuwerten. Sollten Sie dies nicht w\u00fcnschen, k\u00f6nnen Sie dies \u00fcber den Anzeigenvorgaben-Manager (<a  href=\"https:\/\/www.google.com\/settings\/ads\/onweb?hl=de\" target=\"_blank\" rel=\"nofollow noopener noreferrer\" class=\"\">https:\/\/www.google.com\/settings\/ads\/onweb\/?hl=de<\/a>) deaktivieren.<\/p>\n<p >N\u00e4here Informationen zu Nutzungsbedingungen und Datenschutz finden Sie hier:<br >\n<a  href=\"https:\/\/www.google.com\/analytics\/terms\/de.html\" target=\"_blank\" rel=\"nofollow noopener noreferrer\" class=\"\">https:\/\/www.google.com\/analytics\/terms\/de.html<\/a><br >\n<a  href=\"https:\/\/www.google.com\/intl\/de\/analytics\/privacyoverview.html\" target=\"_blank\" rel=\"nofollow noopener noreferrer\" class=\"\">https:\/\/www.google.com\/intl\/de\/analytics\/privacyoverview.html<\/a>.<\/p>\n<p ><strong >\u00a7 4 Informationen \u00fcber Cookies<\/strong><\/p>\n<p >Die Internetseiten verwenden an mehreren Stellen so genannte Cookies. Sie dienen dazu, unser Angebot nutzerfreundlicher, effektiver und sicherer zu machen. Cookies sind kleine Textdateien, die auf Ihrem Rechner abgelegt werden und die Ihr Browser speichert. Die meisten der von uns verwendeten Cookies sind so genannte \u201eSession-Cookies\u201c. Sie werden nach Ende Ihres Besuchs automatisch gel\u00f6scht.<br >\nCookies richten auf Ihrem Rechner keinen Schaden an und enthalten keine Viren. Sie k\u00f6nnen die Installation der Cookies durch eine entsprechende Einstellung Ihrer Browser Software verhindern; wir weisen Sie jedoch darauf hin, dass Sie in diesem Fall gegebenenfalls nicht s\u00e4mtliche Funktionen dieser Website voll umf\u00e4nglich nutzen k\u00f6nnen.<\/p>\n<p ><strong >\u00a7 5 Verwendung von Webfonts<\/strong><\/p>\n<p >Auf diesen Internetseiten werden externe Schriften, Google Fonts verwendet. Google Fonts ist ein Dienst der Google Inc. (\u201eGoogle\u201c). Die Einbindung dieser Web Fonts erfolgt durch einen Serveraufruf, in der Regel ein Server von Google in den USA. Hierdurch wird an den Server \u00fcbermittelt, welche unserer Internetseiten Sie besucht haben. Auch wird die IP-Adresse des Browsers des Endger\u00e4tes des Besuchers dieser Internetseiten von Google gespeichert. N\u00e4here Informationen finden Sie in den Datenschutzhinweisen von Google, die Sie hier abrufen k\u00f6nnen:<br >\n<a  class=\"text\" href=\"https:\/\/www.ford-club-berlin.de\/about\" target=\"_blank\" rel=\"nofollow noopener noreferrer\">www.google.com\/fonts#AboutPlace:about<\/a><br >\n<a  class=\"text\" href=\"\/\/www.google.com\/policies\/privacy\" target=\"_blank\" rel=\"nofollow noopener noreferrer\">www.google.com\/policies\/privacy\/<\/a><\/p>\n<p ><strong >\u00a7 6 Verwendung von Sozial Plugins<\/strong><\/p>\n<p >Auf diesen Internetseiten werden Plugins der sozialen Netzwerke facebook.com, twitter und google + verwendet,<br >\n\u201eFacebook-I-Like\u201c bzw. \u201eFacebook-Gef\u00e4llt-mir\u201c: betrieben von: Facebook Inc., 1601 S. California Ave, Palo Alto, CA 94304, United States<br >\n\u201eTwitter Re-Tweet\u201c betrieben von: Twitter Inc., 795Folsom St., Suite 600, San Francisco, CA 94107, United States.<br >\n\u201eGoogle+1\u201d: betrieben von: Google Inc., 1600 Amphitheatre Parkway, Mountain View, CA 94043, United States<\/p>\n<p >Wenn Sie mit einen solchen Plugin versehene Internetseiten unserer Internetpr\u00e4senz aufrufen, wird eine Verbindung zu den jeweiligen Servern hergestellt und dabei das Plugin durch Mitteilung an Ihren Browser auf der Internetseite dargestellt. Hierdurch wird an den Server \u00fcbermittelt, welche unserer Internetseiten Sie besucht haben. Sind Sie dabei als Mitglied bei Google +, Twitter oder Facebook eingeloggt, ordnet Google, Twitter bzw. Facebook diese Information Ihrem pers\u00f6nlichen Benutzerkonto zu. Bei der Nutzung der Plugin-Funktionen (z.B. Anklicken des \u201cGef\u00e4llt mir\u201d-Buttons, Abgabe eines Kommentars) werden auch diese Informationen Ihrem Konto zugeordnet, was Sie nur durch Ausloggen vor Nutzung des Plugins verhindern k\u00f6nnen.<\/p>\n<p >Durch das Benutzen von Twitter und der Funktion \u201eRe-Tweet\u201c werden die von Ihnen besuchten Webseiten mit Ihrem Twitter-Account verkn\u00fcpft und anderen Nutzern bekannt gegeben. Dabei werden auch Daten an Twitter \u00fcbertragen. Wir weisen darauf hin, dass wir als Anbieter der Seiten keine Kenntnis vom Inhalt der \u00fcbermittelten Daten sowie deren Nutzung durch Twitter erhalten.<\/p>\n<p >N\u00e4here Informationen zur Erhebung und Nutzung der Daten durch Google, Twitter und oder Facebook, \u00fcber Ihre diesbez\u00fcglichen Rechte und M\u00f6glichkeiten zum Schutz Ihrer Privatsph\u00e4re finden Sie in den Datenschutzhinweisen von Facebook, in der Datenschutzerkl\u00e4rung von Twitter und auf den Datenschutzhinweisen von Google&nbsp;+.<\/p>\n<p >&nbsp;<\/p>\n<p ><strong >\u00a7 8 Auskunft<\/strong><\/p>\n<p >Nach dem Bundesdatenschutzgesetz haben Sie ein Recht auf unentgeltliche Auskunft \u00fcber Ihre gespeicherten Daten sowie ggf. ein Recht auf Berichtigung, Sperrung oder L\u00f6schung dieser Daten. Fragen k\u00f6nnen Sie z.B. \u00fcber die folgende E-Mail-Adresse stellen: datenschutz@acio.de<\/p>\n<p ><em >Quelle: www.datenschutzbeauftragter-info.de<\/em><\/p>\n<\/div>\n\n          <\/div>\n      <\/div>\n  <\/div>\n<\/div>","protected":false},"excerpt":{"rendered":"<p>Impressum &amp; Datenschutz Diese private Seite ist keine offizielle Seite der Firma Ford. Das Ford Logo und alle Modellbezeichnungen sind Warenzeichen und Eigentum der Firma Ford! Impressum Angaben gema\u0308\u00df \u00a7 5 TMG: Bj\u00f6rn J\u00e4schke P\u00f6lnitzweg 113, 13125 Berlin Kontakt: Telefon: 015223410053&nbsp; E-Mail: info@ford-club-berlin.de Streitschlichtung Die Europa\u0308ische Kommission stellt eine Plattform zur Online-Streitbeilegung (OS) bereit: httpss:\/\/ec.europa.eu\/consumers\/odr&hellip; <br \/> <a class=\"read-more\" href=\"https:\/\/www.ford-club-berlin.de\/?page_id=1188\">Read more<\/a><\/p>\n","protected":false},"author":2,"featured_media":0,"parent":0,"menu_order":0,"comment_status":"closed","ping_status":"closed","template":"page-templates\/homepage.php","meta":[],"_links":{"self":[{"href":"https:\/\/www.ford-club-berlin.de\/index.php?rest_route=\/wp\/v2\/pages\/1188"}],"collection":[{"href":"https:\/\/www.ford-club-berlin.de\/index.php?rest_route=\/wp\/v2\/pages"}],"about":[{"href":"https:\/\/www.ford-club-berlin.de\/index.php?rest_route=\/wp\/v2\/types\/page"}],"author":[{"embeddable":true,"href":"https:\/\/www.ford-club-berlin.de\/index.php?rest_route=\/wp\/v2\/users\/2"}],"replies":[{"embeddable":true,"href":"https:\/\/www.ford-club-berlin.de\/index.php?rest_route=%2Fwp%2Fv2%2Fcomments&post=1188"}],"version-history":[{"count":9,"href":"https:\/\/www.ford-club-berlin.de\/index.php?rest_route=\/wp\/v2\/pages\/1188\/revisions"}],"predecessor-version":[{"id":2254,"href":"https:\/\/www.ford-club-berlin.de\/index.php?rest_route=\/wp\/v2\/pages\/1188\/revisions\/2254"}],"wp:attachment":[{"href":"https:\/\/www.ford-club-berlin.de\/index.php?rest_route=%2Fwp%2Fv2%2Fmedia&parent=1188"}],"curies":[{"name":"wp","href":"https:\/\/api.w.org\/{rel}","templated":true}]}}